{"id":8853,"date":"2021-01-22T09:59:18","date_gmt":"2021-01-22T09:59:18","guid":{"rendered":"https:\/\/kerrock.si\/staging\/cuisines\/"},"modified":"2024-05-27T08:37:29","modified_gmt":"2024-05-27T06:37:29","slug":"cuisines","status":"publish","type":"page","link":"https:\/\/www.kerrock.lu\/staging\/utilisation\/cuisines\/","title":{"rendered":"Cuisine"},"content":{"rendered":"","protected":false},"excerpt":{"rendered":"","protected":false},"author":5,"featured_media":8888,"parent":8845,"menu_order":1,"comment_status":"closed","ping_status":"closed","template":"","meta":{"_acf_changed":false,"inline_featured_image":false,"footnotes":""},"class_list":["post-8853","page","type-page","status-publish","has-post-thumbnail","hentry"],"acf":[],"yoast_head":"<!-- This site is optimized with the Yoast SEO plugin v26.9 - https:\/\/yoast.com\/product\/yoast-seo-wordpress\/ -->\n<title>Cuisine | Staging Kerock<\/title>\n<meta name=\"description\" content=\"Respectueux de la sant\u00e9 et r\u00e9sistant m\u00e9caniquement, avec beaucoup d&#039;esth\u00e9tique. Cette surface limite les dommages m\u00e9caniques et conserve longtemps son apparence neuve. Cuisine Kerrock.\" \/>\n<meta name=\"robots\" content=\"noindex, follow, max-snippet:-1, max-image-preview:large, max-video-preview:-1\" \/>\n<meta property=\"og:locale\" content=\"fr_FR\" \/>\n<meta property=\"og:type\" content=\"article\" \/>\n<meta property=\"og:title\" content=\"Cuisine | Staging Kerock\" \/>\n<meta property=\"og:description\" content=\"Respectueux de la sant\u00e9 et r\u00e9sistant m\u00e9caniquement, avec beaucoup d&#039;esth\u00e9tique. Cette surface limite les dommages m\u00e9caniques et conserve longtemps son apparence neuve. Cuisine Kerrock.\" \/>\n<meta property=\"og:url\" content=\"https:\/\/www.kerrock.lu\/staging\/utilisation\/cuisines\/\" \/>\n<meta property=\"og:site_name\" content=\"Staging Kerock\" \/>\n<meta property=\"article:modified_time\" content=\"2024-05-27T06:37:29+00:00\" \/>\n<meta property=\"og:image\" content=\"https:\/\/kerrock.si\/staging\/wp-content\/uploads\/2020\/12\/kuhinje_header1.jpg\" \/>\n\t<meta property=\"og:image:width\" content=\"1920\" \/>\n\t<meta property=\"og:image:height\" content=\"600\" \/>\n\t<meta property=\"og:image:type\" content=\"image\/jpeg\" \/>\n<meta name=\"twitter:card\" content=\"summary_large_image\" \/>\n<script type=\"application\/ld+json\" class=\"yoast-schema-graph\">{\"@context\":\"https:\/\/schema.org\",\"@graph\":[{\"@type\":\"WebPage\",\"@id\":\"https:\/\/www.kerrock.lu\/staging\/utilisation\/cuisines\/\",\"url\":\"https:\/\/www.kerrock.lu\/staging\/utilisation\/cuisines\/\",\"name\":\"Cuisine | Staging Kerock\",\"isPartOf\":{\"@id\":\"https:\/\/www.kerrock.lu\/#website\"},\"primaryImageOfPage\":{\"@id\":\"https:\/\/www.kerrock.lu\/staging\/utilisation\/cuisines\/#primaryimage\"},\"image\":{\"@id\":\"https:\/\/www.kerrock.lu\/staging\/utilisation\/cuisines\/#primaryimage\"},\"thumbnailUrl\":\"https:\/\/www.kerrock.lu\/staging\/wp-content\/uploads\/2020\/12\/kuhinje_header1.jpg\",\"datePublished\":\"2021-01-22T09:59:18+00:00\",\"dateModified\":\"2024-05-27T06:37:29+00:00\",\"description\":\"Respectueux de la sant\u00e9 et r\u00e9sistant m\u00e9caniquement, avec beaucoup d'esth\u00e9tique. Cette surface limite les dommages m\u00e9caniques et conserve longtemps son apparence neuve. Cuisine Kerrock.\",\"breadcrumb\":{\"@id\":\"https:\/\/www.kerrock.lu\/staging\/utilisation\/cuisines\/#breadcrumb\"},\"inLanguage\":\"fr-FR\",\"potentialAction\":[{\"@type\":\"ReadAction\",\"target\":[\"https:\/\/www.kerrock.lu\/staging\/utilisation\/cuisines\/\"]}]},{\"@type\":\"ImageObject\",\"inLanguage\":\"fr-FR\",\"@id\":\"https:\/\/www.kerrock.lu\/staging\/utilisation\/cuisines\/#primaryimage\",\"url\":\"https:\/\/www.kerrock.lu\/staging\/wp-content\/uploads\/2020\/12\/kuhinje_header1.jpg\",\"contentUrl\":\"https:\/\/www.kerrock.lu\/staging\/wp-content\/uploads\/2020\/12\/kuhinje_header1.jpg\",\"width\":1920,\"height\":600},{\"@type\":\"BreadcrumbList\",\"@id\":\"https:\/\/www.kerrock.lu\/staging\/utilisation\/cuisines\/#breadcrumb\",\"itemListElement\":[{\"@type\":\"ListItem\",\"position\":1,\"name\":\"Home\",\"item\":\"https:\/\/www.kerrock.lu\/\"},{\"@type\":\"ListItem\",\"position\":2,\"name\":\"Utilisation\",\"item\":\"https:\/\/www.kerrock.lu\/utilisation\/\"},{\"@type\":\"ListItem\",\"position\":3,\"name\":\"Cuisine\"}]},{\"@type\":\"WebSite\",\"@id\":\"https:\/\/www.kerrock.lu\/#website\",\"url\":\"https:\/\/www.kerrock.lu\/\",\"name\":\"Staging Kerock\",\"description\":\"Imaginez tout ce que vous d\u00e9sirez. Nous le r\u00e9alisons.\",\"publisher\":{\"@id\":\"https:\/\/www.kerrock.lu\/#organization\"},\"potentialAction\":[{\"@type\":\"SearchAction\",\"target\":{\"@type\":\"EntryPoint\",\"urlTemplate\":\"https:\/\/www.kerrock.lu\/?s={search_term_string}\"},\"query-input\":{\"@type\":\"PropertyValueSpecification\",\"valueRequired\":true,\"valueName\":\"search_term_string\"}}],\"inLanguage\":\"fr-FR\"},{\"@type\":\"Organization\",\"@id\":\"https:\/\/www.kerrock.lu\/#organization\",\"name\":\"Kerrock\",\"url\":\"https:\/\/www.kerrock.lu\/\",\"logo\":{\"@type\":\"ImageObject\",\"inLanguage\":\"fr-FR\",\"@id\":\"https:\/\/www.kerrock.lu\/#\/schema\/logo\/image\/\",\"url\":\"https:\/\/www.kerrock.lu\/staging\/wp-content\/uploads\/2021\/01\/facebook_share_image_1200x628_v2_20210106.jpg\",\"contentUrl\":\"https:\/\/www.kerrock.lu\/staging\/wp-content\/uploads\/2021\/01\/facebook_share_image_1200x628_v2_20210106.jpg\",\"width\":1200,\"height\":628,\"caption\":\"Kerrock\"},\"image\":{\"@id\":\"https:\/\/www.kerrock.lu\/#\/schema\/logo\/image\/\"}}]}<\/script>\n<!-- \/ Yoast SEO plugin. -->","yoast_head_json":{"title":"Cuisine | Staging Kerock","description":"Respectueux de la sant\u00e9 et r\u00e9sistant m\u00e9caniquement, avec beaucoup d'esth\u00e9tique. Cette surface limite les dommages m\u00e9caniques et conserve longtemps son apparence neuve. Cuisine Kerrock.","robots":{"index":"noindex","follow":"follow","max-snippet":"max-snippet:-1","max-image-preview":"max-image-preview:large","max-video-preview":"max-video-preview:-1"},"og_locale":"fr_FR","og_type":"article","og_title":"Cuisine | Staging Kerock","og_description":"Respectueux de la sant\u00e9 et r\u00e9sistant m\u00e9caniquement, avec beaucoup d'esth\u00e9tique. Cette surface limite les dommages m\u00e9caniques et conserve longtemps son apparence neuve. Cuisine Kerrock.","og_url":"https:\/\/www.kerrock.lu\/staging\/utilisation\/cuisines\/","og_site_name":"Staging Kerock","article_modified_time":"2024-05-27T06:37:29+00:00","og_image":[{"width":1920,"height":600,"url":"https:\/\/kerrock.si\/staging\/wp-content\/uploads\/2020\/12\/kuhinje_header1.jpg","type":"image\/jpeg"}],"twitter_card":"summary_large_image","schema":{"@context":"https:\/\/schema.org","@graph":[{"@type":"WebPage","@id":"https:\/\/www.kerrock.lu\/staging\/utilisation\/cuisines\/","url":"https:\/\/www.kerrock.lu\/staging\/utilisation\/cuisines\/","name":"Cuisine | Staging Kerock","isPartOf":{"@id":"https:\/\/www.kerrock.lu\/#website"},"primaryImageOfPage":{"@id":"https:\/\/www.kerrock.lu\/staging\/utilisation\/cuisines\/#primaryimage"},"image":{"@id":"https:\/\/www.kerrock.lu\/staging\/utilisation\/cuisines\/#primaryimage"},"thumbnailUrl":"https:\/\/www.kerrock.lu\/staging\/wp-content\/uploads\/2020\/12\/kuhinje_header1.jpg","datePublished":"2021-01-22T09:59:18+00:00","dateModified":"2024-05-27T06:37:29+00:00","description":"Respectueux de la sant\u00e9 et r\u00e9sistant m\u00e9caniquement, avec beaucoup d'esth\u00e9tique. Cette surface limite les dommages m\u00e9caniques et conserve longtemps son apparence neuve. Cuisine Kerrock.","breadcrumb":{"@id":"https:\/\/www.kerrock.lu\/staging\/utilisation\/cuisines\/#breadcrumb"},"inLanguage":"fr-FR","potentialAction":[{"@type":"ReadAction","target":["https:\/\/www.kerrock.lu\/staging\/utilisation\/cuisines\/"]}]},{"@type":"ImageObject","inLanguage":"fr-FR","@id":"https:\/\/www.kerrock.lu\/staging\/utilisation\/cuisines\/#primaryimage","url":"https:\/\/www.kerrock.lu\/staging\/wp-content\/uploads\/2020\/12\/kuhinje_header1.jpg","contentUrl":"https:\/\/www.kerrock.lu\/staging\/wp-content\/uploads\/2020\/12\/kuhinje_header1.jpg","width":1920,"height":600},{"@type":"BreadcrumbList","@id":"https:\/\/www.kerrock.lu\/staging\/utilisation\/cuisines\/#breadcrumb","itemListElement":[{"@type":"ListItem","position":1,"name":"Home","item":"https:\/\/www.kerrock.lu\/"},{"@type":"ListItem","position":2,"name":"Utilisation","item":"https:\/\/www.kerrock.lu\/utilisation\/"},{"@type":"ListItem","position":3,"name":"Cuisine"}]},{"@type":"WebSite","@id":"https:\/\/www.kerrock.lu\/#website","url":"https:\/\/www.kerrock.lu\/","name":"Staging Kerock","description":"Imaginez tout ce que vous d\u00e9sirez. Nous le r\u00e9alisons.","publisher":{"@id":"https:\/\/www.kerrock.lu\/#organization"},"potentialAction":[{"@type":"SearchAction","target":{"@type":"EntryPoint","urlTemplate":"https:\/\/www.kerrock.lu\/?s={search_term_string}"},"query-input":{"@type":"PropertyValueSpecification","valueRequired":true,"valueName":"search_term_string"}}],"inLanguage":"fr-FR"},{"@type":"Organization","@id":"https:\/\/www.kerrock.lu\/#organization","name":"Kerrock","url":"https:\/\/www.kerrock.lu\/","logo":{"@type":"ImageObject","inLanguage":"fr-FR","@id":"https:\/\/www.kerrock.lu\/#\/schema\/logo\/image\/","url":"https:\/\/www.kerrock.lu\/staging\/wp-content\/uploads\/2021\/01\/facebook_share_image_1200x628_v2_20210106.jpg","contentUrl":"https:\/\/www.kerrock.lu\/staging\/wp-content\/uploads\/2021\/01\/facebook_share_image_1200x628_v2_20210106.jpg","width":1200,"height":628,"caption":"Kerrock"},"image":{"@id":"https:\/\/www.kerrock.lu\/#\/schema\/logo\/image\/"}}]}},"_links":{"self":[{"href":"https:\/\/www.kerrock.lu\/staging\/wp-json\/wp\/v2\/pages\/8853","targetHints":{"allow":["GET"]}}],"collection":[{"href":"https:\/\/www.kerrock.lu\/staging\/wp-json\/wp\/v2\/pages"}],"about":[{"href":"https:\/\/www.kerrock.lu\/staging\/wp-json\/wp\/v2\/types\/page"}],"author":[{"embeddable":true,"href":"https:\/\/www.kerrock.lu\/staging\/wp-json\/wp\/v2\/users\/5"}],"replies":[{"embeddable":true,"href":"https:\/\/www.kerrock.lu\/staging\/wp-json\/wp\/v2\/comments?post=8853"}],"version-history":[{"count":2,"href":"https:\/\/www.kerrock.lu\/staging\/wp-json\/wp\/v2\/pages\/8853\/revisions"}],"predecessor-version":[{"id":90023,"href":"https:\/\/www.kerrock.lu\/staging\/wp-json\/wp\/v2\/pages\/8853\/revisions\/90023"}],"up":[{"embeddable":true,"href":"https:\/\/www.kerrock.lu\/staging\/wp-json\/wp\/v2\/pages\/8845"}],"wp:featuredmedia":[{"embeddable":true,"href":"https:\/\/www.kerrock.lu\/staging\/wp-json\/wp\/v2\/media\/8888"}],"wp:attachment":[{"href":"https:\/\/www.kerrock.lu\/staging\/wp-json\/wp\/v2\/media?parent=8853"}],"curies":[{"name":"wp","href":"https:\/\/api.w.org\/{rel}","templated":true}]}}